{"id":566,"date":"2025-12-01T02:40:59","date_gmt":"2025-12-01T01:40:59","guid":{"rendered":"https:\/\/horizon.yt\/?page_id=566"},"modified":"2025-12-02T19:11:47","modified_gmt":"2025-12-02T18:11:47","slug":"elementor-566","status":"publish","type":"page","link":"https:\/\/horizon.yt\/","title":{"rendered":"Acceuil"},"content":{"rendered":"\t\t<div data-elementor-type=\"wp-page\" data-elementor-id=\"566\" class=\"elementor elementor-566\">\n\t\t\t\t<div class=\"elementor-element elementor-element-28c66f6 e-con-full e-flex e-con e-parent\" data-id=\"28c66f6\" data-element_type=\"container\" data-settings=\"{&quot;background_background&quot;:&quot;slideshow&quot;,&quot;background_slideshow_gallery&quot;:[{&quot;id&quot;:100,&quot;url&quot;:&quot;https:\\\/\\\/horizon.yt\\\/wp-content\\\/uploads\\\/2025\\\/11\\\/IMG_20250831_172025-scaled.jpg&quot;},{&quot;id&quot;:114,&quot;url&quot;:&quot;https:\\\/\\\/horizon.yt\\\/wp-content\\\/uploads\\\/2025\\\/11\\\/toiture-bac-acier-panneaux-nestorwatt.webp&quot;},{&quot;id&quot;:92,&quot;url&quot;:&quot;https:\\\/\\\/horizon.yt\\\/wp-content\\\/uploads\\\/2025\\\/11\\\/create_a_photorealistic_ultra_98cbc2c72f54440c16d2bdb7467cb18e.png&quot;}],&quot;background_slideshow_lazyload&quot;:&quot;yes&quot;,&quot;background_slideshow_ken_burns&quot;:&quot;yes&quot;,&quot;background_slideshow_loop&quot;:&quot;yes&quot;,&quot;background_slideshow_slide_duration&quot;:5000,&quot;background_slideshow_slide_transition&quot;:&quot;fade&quot;,&quot;background_slideshow_transition_duration&quot;:500,&quot;background_slideshow_ken_burns_zoom_direction&quot;:&quot;in&quot;}\">\n\t\t<div class=\"elementor-element elementor-element-743d536d e-con-full e-flex e-con e-child\" data-id=\"743d536d\" data-element_type=\"container\">\n\t\t\t\t<div class=\"elementor-element elementor-element-463c5a6d elementor-invisible elementor-widget elementor-widget-heading\" data-id=\"463c5a6d\" data-element_type=\"widget\" data-settings=\"{&quot;_animation&quot;:&quot;fadeInUp&quot;,&quot;_animation_delay&quot;:200}\" data-widget_type=\"heading.default\">\n\t\t\t\t\t<h2 class=\"elementor-heading-title elementor-size-default\">Bienvenue sur Horizon<\/h2>\t\t\t\t<\/div>\n\t\t\t\t<div class=\"elementor-element elementor-element-ff62923 elementor-widget__width-initial elementor-invisible elementor-widget elementor-widget-heading\" data-id=\"ff62923\" data-element_type=\"widget\" data-settings=\"{&quot;_animation&quot;:&quot;fadeInUp&quot;,&quot;_animation_delay&quot;:300}\" data-widget_type=\"heading.default\">\n\t\t\t\t\t<h2 class=\"elementor-heading-title elementor-size-default\">Solutions photovolta\u00efques \u00e0 Mayotte<\/h2>\t\t\t\t<\/div>\n\t\t\t\t<div class=\"elementor-element elementor-element-ba4016e elementor-widget__width-initial elementor-invisible elementor-widget elementor-widget-heading\" data-id=\"ba4016e\" data-element_type=\"widget\" data-settings=\"{&quot;_animation&quot;:&quot;fadeInUp&quot;,&quot;_animation_delay&quot;:300}\" data-widget_type=\"heading.default\">\n\t\t\t\t\t<h2 class=\"elementor-heading-title elementor-size-default\">D\u00e9couvrez nos kits solaires pour la maison et le nautisme<\/h2>\t\t\t\t<\/div>\n\t\t\t\t<\/div>\n\t\t\t\t<\/div>\n\t\t<div class=\"elementor-element elementor-element-3f1b717a e-flex e-con-boxed e-con e-parent\" data-id=\"3f1b717a\" data-element_type=\"container\">\n\t\t\t\t\t<div class=\"e-con-inner\">\n\t\t<div class=\"elementor-element elementor-element-664f24e4 e-grid e-con-full e-con e-child\" data-id=\"664f24e4\" data-element_type=\"container\">\n\t\t\t\t<\/div>\n\t\t\t\t\t<\/div>\n\t\t\t\t<\/div>\n\t\t<div class=\"elementor-element elementor-element-2cc41e3 e-grid e-con-boxed e-con e-parent\" data-id=\"2cc41e3\" data-element_type=\"container\">\n\t\t\t\t\t<div class=\"e-con-inner\">\n\t\t\t\t\t<\/div>\n\t\t\t\t<\/div>\n\t\t<div class=\"elementor-element elementor-element-1eca4202 e-flex e-con-boxed e-con e-parent\" data-id=\"1eca4202\" data-element_type=\"container\">\n\t\t\t\t\t<div class=\"e-con-inner\">\n\t\t<div class=\"elementor-element elementor-element-54c8f150 e-con-full e-flex elementor-invisible e-con e-child\" data-id=\"54c8f150\" data-element_type=\"container\" data-settings=\"{&quot;animation&quot;:&quot;fadeInLeft&quot;}\">\n\t\t\t\t<div class=\"elementor-element elementor-element-5b6b4d53 elementor-widget elementor-widget-heading\" data-id=\"5b6b4d53\" data-element_type=\"widget\" data-widget_type=\"heading.default\">\n\t\t\t\t\t<h4 class=\"elementor-heading-title elementor-size-default\">Qui sommes nous ?<\/h4>\t\t\t\t<\/div>\n\t\t\t\t<div class=\"elementor-element elementor-element-791ac54a elementor-widget__width-inherit elementor-widget elementor-widget-heading\" data-id=\"791ac54a\" data-element_type=\"widget\" data-widget_type=\"heading.default\">\n\t\t\t\t\t<div class=\"elementor-heading-title elementor-size-default\">Une \u00e9quipe locale, bas\u00e9e  \u00e0 Pamandzi, Mayotte.<\/div>\t\t\t\t<\/div>\n\t\t\t\t<div class=\"elementor-element elementor-element-3180bb76 elementor-widget__width-inherit elementor-widget elementor-widget-heading\" data-id=\"3180bb76\" data-element_type=\"widget\" data-widget_type=\"heading.default\">\n\t\t\t\t\t<h4 class=\"elementor-heading-title elementor-size-default\">Notre volont\u00e9 est de vous faire profiter de notre expertise pour vous offrir le meilleur du photovoltaique, pour des solutions \u00e0 vos besoins<\/h4>\t\t\t\t<\/div>\n\t\t\t\t<\/div>\n\t\t<div class=\"elementor-element elementor-element-4300c789 e-con-full e-flex e-con e-child\" data-id=\"4300c789\" data-element_type=\"container\">\n\t\t\t\t<div class=\"elementor-element elementor-element-6674bf2f elementor-invisible elementor-widget elementor-widget-image\" data-id=\"6674bf2f\" data-element_type=\"widget\" data-settings=\"{&quot;_animation&quot;:&quot;fadeInRight&quot;}\" data-widget_type=\"image.default\">\n\t\t\t\t\t\t\t\t\t\t\t\t\t\t\t<img fetchpriority=\"high\" width=\"768\" height=\"512\"  class=\"attachment-full size-full wp-image-95 lws-optimize-lazyload\" alt=\"\" srcset=\"https:\/\/horizon.yt\/wp-content\/uploads\/2025\/11\/electricien.jpg 768w, https:\/\/horizon.yt\/wp-content\/uploads\/2025\/11\/electricien-300x200.jpg 300w, https:\/\/horizon.yt\/wp-content\/uploads\/2025\/11\/electricien-600x400.jpg 600w\" sizes=\"(max-width: 768px) 100vw, 768px\" \/ data-src=\"https:\/\/horizon.yt\/wp-content\/uploads\/2025\/11\/electricien.jpg\">\t\t\t\t\t\t\t\t\t\t\t\t\t\t\t<\/div>\n\t\t\t\t<\/div>\n\t\t<div class=\"elementor-element elementor-element-e2baf0f e-con-full e-flex e-con e-child\" data-id=\"e2baf0f\" data-element_type=\"container\">\n\t\t\t\t<div class=\"elementor-element elementor-element-d10b853 elementor-widget elementor-widget-google_maps\" data-id=\"d10b853\" data-element_type=\"widget\" data-widget_type=\"google_maps.default\">\n\t\t\t\t\t\t\t<div class=\"elementor-custom-embed\">\n\t\t\t<iframe loading=\"lazy\"\n\t\t\t\t\t\n\t\t\t\t\ttitle=\"3 rue Manga Foutet 97615 Pamandzi\"\n\t\t\t\t\taria-label=\"3 rue Manga Foutet 97615 Pamandzi\"\n\t\t\t class=\"lws-optimize-lazyload\" data-src=\"https:\/\/maps.google.com\/maps?q=3%20rue%20Manga%20Foutet%2097615%20Pamandzi&#038;t=m&#038;z=10&#038;output=embed&#038;iwloc=near\"><\/iframe>\n\t\t<\/div>\n\t\t\t\t\t\t<\/div>\n\t\t\t\t<\/div>\n\t\t\t\t\t<\/div>\n\t\t\t\t<\/div>\n\t\t<div class=\"elementor-element elementor-element-118057a5 e-flex e-con-boxed e-con e-parent\" data-id=\"118057a5\" data-element_type=\"container\" data-settings=\"{&quot;background_background&quot;:&quot;classic&quot;}\">\n\t\t\t\t\t<div class=\"e-con-inner\">\n\t\t<div class=\"elementor-element elementor-element-62d2a03e e-con-full e-flex elementor-invisible e-con e-child\" data-id=\"62d2a03e\" data-element_type=\"container\" data-settings=\"{&quot;background_background&quot;:&quot;classic&quot;,&quot;animation&quot;:&quot;fadeInLeft&quot;}\">\n\t\t\t\t<div class=\"elementor-element elementor-element-6662841 elementor-widget elementor-widget-heading\" data-id=\"6662841\" data-element_type=\"widget\" data-widget_type=\"heading.default\">\n\t\t\t\t\t<h2 class=\"elementor-heading-title elementor-size-default\">Nous contacter<\/h2>\t\t\t\t<\/div>\n\t\t<div class=\"elementor-element elementor-element-77938601 e-con-full e-flex e-con e-child\" data-id=\"77938601\" data-element_type=\"container\">\n\t\t\t\t<\/div>\n\t\t\t\t<\/div>\n\t\t\t\t\t<\/div>\n\t\t\t\t<\/div>\n\t\t\t\t<\/div>\n\t\t","protected":false},"excerpt":{"rendered":"<p>Bienvenue sur Horizon Solutions photovolta\u00efques \u00e0 Mayotte D\u00e9couvrez nos kits solaires pour la maison et le nautisme Pour la maison Des kits selon vos besoins et votre budget Galerie Pour les bateaux Installations adapt\u00e9es pour votre navire Galerie Les portables Installation sans besoin d&rsquo;expertise technique Galerie Eclairage Eco Des produits moins gourmands en \u00e9nergie Galerie [&hellip;]<\/p>\n","protected":false},"author":1,"featured_media":0,"parent":0,"menu_order":0,"comment_status":"closed","ping_status":"closed","template":"elementor_theme","meta":{"_regular_price":[],"currency_symbol":[],"footnotes":""},"class_list":["post-566","page","type-page","status-publish","hentry"],"post_slider_layout_featured_media_urls":{"thumbnail":"","post_slider_layout_landscape_large":"","post_slider_layout_portrait_large":"","post_slider_layout_square_large":"","post_slider_layout_landscape":"","post_slider_layout_portrait":"","post_slider_layout_square":"","full":""},"yoast_head":"<!-- This site is optimized with the Yoast SEO plugin v27.6 - https:\/\/yoast.com\/product\/yoast-seo-wordpress\/ -->\n<title>Acceuil - Experts en solution photovoltaique \u00e0 Mayotte<\/title>\n<meta name=\"robots\" content=\"index, follow, max-snippet:-1, max-image-preview:large, max-video-preview:-1\" \/>\n<link rel=\"canonical\" href=\"https:\/\/horizon.yt\/\" \/>\n<meta property=\"og:locale\" content=\"fr_FR\" \/>\n<meta property=\"og:type\" content=\"article\" \/>\n<meta property=\"og:title\" content=\"Acceuil - Experts en solution photovoltaique \u00e0 Mayotte\" \/>\n<meta property=\"og:description\" content=\"Bienvenue sur Horizon Solutions photovolta\u00efques \u00e0 Mayotte D\u00e9couvrez nos kits solaires pour la maison et le nautisme Pour la maison Des kits selon vos besoins et votre budget Galerie Pour les bateaux Installations adapt\u00e9es pour votre navire Galerie Les portables Installation sans besoin d&rsquo;expertise technique Galerie Eclairage Eco Des produits moins gourmands en \u00e9nergie Galerie [&hellip;]\" \/>\n<meta property=\"og:url\" content=\"https:\/\/horizon.yt\/\" \/>\n<meta property=\"og:site_name\" content=\"Experts en solution photovoltaique \u00e0 Mayotte\" \/>\n<meta property=\"article:modified_time\" content=\"2025-12-02T18:11:47+00:00\" \/>\n<meta property=\"og:image\" content=\"https:\/\/horizon.yt\/wp-content\/uploads\/2025\/11\/electricien.jpg\" \/>\n\t<meta property=\"og:image:width\" content=\"768\" \/>\n\t<meta property=\"og:image:height\" content=\"512\" \/>\n\t<meta property=\"og:image:type\" content=\"image\/jpeg\" \/>\n<meta name=\"twitter:card\" content=\"summary_large_image\" \/>\n<meta name=\"twitter:label1\" content=\"Dur\u00e9e de lecture estim\u00e9e\" \/>\n\t<meta name=\"twitter:data1\" content=\"1 minute\" \/>\n<script type=\"application\/ld+json\" class=\"yoast-schema-graph\">{\"@context\":\"https:\\\/\\\/schema.org\",\"@graph\":[{\"@type\":\"WebPage\",\"@id\":\"https:\\\/\\\/horizon.yt\\\/\",\"url\":\"https:\\\/\\\/horizon.yt\\\/\",\"name\":\"Acceuil - Experts en solution photovoltaique \u00e0 Mayotte\",\"isPartOf\":{\"@id\":\"https:\\\/\\\/horizon.yt\\\/#website\"},\"primaryImageOfPage\":{\"@id\":\"https:\\\/\\\/horizon.yt\\\/#primaryimage\"},\"image\":{\"@id\":\"https:\\\/\\\/horizon.yt\\\/#primaryimage\"},\"thumbnailUrl\":\"https:\\\/\\\/horizon.yt\\\/wp-content\\\/uploads\\\/2025\\\/11\\\/electricien.jpg\",\"datePublished\":\"2025-12-01T01:40:59+00:00\",\"dateModified\":\"2025-12-02T18:11:47+00:00\",\"breadcrumb\":{\"@id\":\"https:\\\/\\\/horizon.yt\\\/#breadcrumb\"},\"inLanguage\":\"fr-FR\",\"potentialAction\":[{\"@type\":\"ReadAction\",\"target\":[\"https:\\\/\\\/horizon.yt\\\/\"]}]},{\"@type\":\"ImageObject\",\"inLanguage\":\"fr-FR\",\"@id\":\"https:\\\/\\\/horizon.yt\\\/#primaryimage\",\"url\":\"https:\\\/\\\/horizon.yt\\\/wp-content\\\/uploads\\\/2025\\\/11\\\/electricien.jpg\",\"contentUrl\":\"https:\\\/\\\/horizon.yt\\\/wp-content\\\/uploads\\\/2025\\\/11\\\/electricien.jpg\",\"width\":768,\"height\":512},{\"@type\":\"BreadcrumbList\",\"@id\":\"https:\\\/\\\/horizon.yt\\\/#breadcrumb\",\"itemListElement\":[{\"@type\":\"ListItem\",\"position\":1,\"name\":\"Home\",\"item\":\"https:\\\/\\\/horizon.yt\\\/\"},{\"@type\":\"ListItem\",\"position\":2,\"name\":\"Acceuil\"}]},{\"@type\":\"WebSite\",\"@id\":\"https:\\\/\\\/horizon.yt\\\/#website\",\"url\":\"https:\\\/\\\/horizon.yt\\\/\",\"name\":\"Experts en solution photovoltaique \u00e0 Mayotte\",\"description\":\"\",\"publisher\":{\"@id\":\"https:\\\/\\\/horizon.yt\\\/#organization\"},\"potentialAction\":[{\"@type\":\"SearchAction\",\"target\":{\"@type\":\"EntryPoint\",\"urlTemplate\":\"https:\\\/\\\/horizon.yt\\\/?s={search_term_string}\"},\"query-input\":{\"@type\":\"PropertyValueSpecification\",\"valueRequired\":true,\"valueName\":\"search_term_string\"}}],\"inLanguage\":\"fr-FR\"},{\"@type\":\"Organization\",\"@id\":\"https:\\\/\\\/horizon.yt\\\/#organization\",\"name\":\"Experts en solution photovoltaique \u00e0 Mayotte\",\"url\":\"https:\\\/\\\/horizon.yt\\\/\",\"logo\":{\"@type\":\"ImageObject\",\"inLanguage\":\"fr-FR\",\"@id\":\"https:\\\/\\\/horizon.yt\\\/#\\\/schema\\\/logo\\\/image\\\/\",\"url\":\"https:\\\/\\\/horizon.yt\\\/wp-content\\\/uploads\\\/2025\\\/11\\\/1763659064622_fulllogo_transparent.png\",\"contentUrl\":\"https:\\\/\\\/horizon.yt\\\/wp-content\\\/uploads\\\/2025\\\/11\\\/1763659064622_fulllogo_transparent.png\",\"width\":240,\"height\":64,\"caption\":\"Experts en solution photovoltaique \u00e0 Mayotte\"},\"image\":{\"@id\":\"https:\\\/\\\/horizon.yt\\\/#\\\/schema\\\/logo\\\/image\\\/\"}}]}<\/script>\n<!-- \/ Yoast SEO plugin. -->","yoast_head_json":{"title":"Acceuil - Experts en solution photovoltaique \u00e0 Mayotte","robots":{"index":"index","follow":"follow","max-snippet":"max-snippet:-1","max-image-preview":"max-image-preview:large","max-video-preview":"max-video-preview:-1"},"canonical":"https:\/\/horizon.yt\/","og_locale":"fr_FR","og_type":"article","og_title":"Acceuil - Experts en solution photovoltaique \u00e0 Mayotte","og_description":"Bienvenue sur Horizon Solutions photovolta\u00efques \u00e0 Mayotte D\u00e9couvrez nos kits solaires pour la maison et le nautisme Pour la maison Des kits selon vos besoins et votre budget Galerie Pour les bateaux Installations adapt\u00e9es pour votre navire Galerie Les portables Installation sans besoin d&rsquo;expertise technique Galerie Eclairage Eco Des produits moins gourmands en \u00e9nergie Galerie [&hellip;]","og_url":"https:\/\/horizon.yt\/","og_site_name":"Experts en solution photovoltaique \u00e0 Mayotte","article_modified_time":"2025-12-02T18:11:47+00:00","og_image":[{"width":768,"height":512,"url":"https:\/\/horizon.yt\/wp-content\/uploads\/2025\/11\/electricien.jpg","type":"image\/jpeg"}],"twitter_card":"summary_large_image","twitter_misc":{"Dur\u00e9e de lecture estim\u00e9e":"1 minute"},"schema":{"@context":"https:\/\/schema.org","@graph":[{"@type":"WebPage","@id":"https:\/\/horizon.yt\/","url":"https:\/\/horizon.yt\/","name":"Acceuil - Experts en solution photovoltaique \u00e0 Mayotte","isPartOf":{"@id":"https:\/\/horizon.yt\/#website"},"primaryImageOfPage":{"@id":"https:\/\/horizon.yt\/#primaryimage"},"image":{"@id":"https:\/\/horizon.yt\/#primaryimage"},"thumbnailUrl":"https:\/\/horizon.yt\/wp-content\/uploads\/2025\/11\/electricien.jpg","datePublished":"2025-12-01T01:40:59+00:00","dateModified":"2025-12-02T18:11:47+00:00","breadcrumb":{"@id":"https:\/\/horizon.yt\/#breadcrumb"},"inLanguage":"fr-FR","potentialAction":[{"@type":"ReadAction","target":["https:\/\/horizon.yt\/"]}]},{"@type":"ImageObject","inLanguage":"fr-FR","@id":"https:\/\/horizon.yt\/#primaryimage","url":"https:\/\/horizon.yt\/wp-content\/uploads\/2025\/11\/electricien.jpg","contentUrl":"https:\/\/horizon.yt\/wp-content\/uploads\/2025\/11\/electricien.jpg","width":768,"height":512},{"@type":"BreadcrumbList","@id":"https:\/\/horizon.yt\/#breadcrumb","itemListElement":[{"@type":"ListItem","position":1,"name":"Home","item":"https:\/\/horizon.yt\/"},{"@type":"ListItem","position":2,"name":"Acceuil"}]},{"@type":"WebSite","@id":"https:\/\/horizon.yt\/#website","url":"https:\/\/horizon.yt\/","name":"Experts en solution photovoltaique \u00e0 Mayotte","description":"","publisher":{"@id":"https:\/\/horizon.yt\/#organization"},"potentialAction":[{"@type":"SearchAction","target":{"@type":"EntryPoint","urlTemplate":"https:\/\/horizon.yt\/?s={search_term_string}"},"query-input":{"@type":"PropertyValueSpecification","valueRequired":true,"valueName":"search_term_string"}}],"inLanguage":"fr-FR"},{"@type":"Organization","@id":"https:\/\/horizon.yt\/#organization","name":"Experts en solution photovoltaique \u00e0 Mayotte","url":"https:\/\/horizon.yt\/","logo":{"@type":"ImageObject","inLanguage":"fr-FR","@id":"https:\/\/horizon.yt\/#\/schema\/logo\/image\/","url":"https:\/\/horizon.yt\/wp-content\/uploads\/2025\/11\/1763659064622_fulllogo_transparent.png","contentUrl":"https:\/\/horizon.yt\/wp-content\/uploads\/2025\/11\/1763659064622_fulllogo_transparent.png","width":240,"height":64,"caption":"Experts en solution photovoltaique \u00e0 Mayotte"},"image":{"@id":"https:\/\/horizon.yt\/#\/schema\/logo\/image\/"}}]}},"jetpack_sharing_enabled":true,"_links":{"self":[{"href":"https:\/\/horizon.yt\/index.php?rest_route=\/wp\/v2\/pages\/566","targetHints":{"allow":["GET"]}}],"collection":[{"href":"https:\/\/horizon.yt\/index.php?rest_route=\/wp\/v2\/pages"}],"about":[{"href":"https:\/\/horizon.yt\/index.php?rest_route=\/wp\/v2\/types\/page"}],"author":[{"embeddable":true,"href":"https:\/\/horizon.yt\/index.php?rest_route=\/wp\/v2\/users\/1"}],"replies":[{"embeddable":true,"href":"https:\/\/horizon.yt\/index.php?rest_route=%2Fwp%2Fv2%2Fcomments&post=566"}],"version-history":[{"count":46,"href":"https:\/\/horizon.yt\/index.php?rest_route=\/wp\/v2\/pages\/566\/revisions"}],"predecessor-version":[{"id":656,"href":"https:\/\/horizon.yt\/index.php?rest_route=\/wp\/v2\/pages\/566\/revisions\/656"}],"wp:attachment":[{"href":"https:\/\/horizon.yt\/index.php?rest_route=%2Fwp%2Fv2%2Fmedia&parent=566"}],"curies":[{"name":"wp","href":"https:\/\/api.w.org\/{rel}","templated":true}]}}